{"id":12,"date":"2024-11-12T05:34:19","date_gmt":"2024-11-12T04:34:19","guid":{"rendered":"https:\/\/demo2.prestigo.net\/?page_id=12"},"modified":"2024-11-20T20:26:42","modified_gmt":"2024-11-20T19:26:42","slug":"technologia","status":"publish","type":"page","link":"https:\/\/demo2.prestigo.net\/index.php\/technologia\/","title":{"rendered":"Technologia"},"content":{"rendered":"\t\t<div data-elementor-type=\"wp-page\" data-elementor-id=\"12\" class=\"elementor elementor-12\">\n\t\t\t\t\t\t\t\t\t<section class=\"elementor-section elementor-top-section elementor-element elementor-element-51bae4a7 elementor-section-stretched elementor-section-boxed elementor-section-height-default elementor-section-height-default\" data-id=\"51bae4a7\" data-element_type=\"section\" data-settings=\"{&quot;stretch_section&quot;:&quot;section-stretched&quot;,&quot;_ha_eqh_enable&quot;:false}\">\n\t\t\t\t\t\t<div class=\"elementor-container elementor-column-gap-default\">\n\t\t\t\t\t<div class=\"elementor-column elementor-col-100 elementor-top-column elementor-element elementor-element-2c1376ef\" data-id=\"2c1376ef\" data-element_type=\"column\">\n\t\t\t<div class=\"elementor-widget-wrap elementor-element-populated\">\n\t\t\t\t\t\t\t\t<section class=\"elementor-section elementor-inner-section elementor-element elementor-element-7d8dc572 elementor-section-boxed elementor-section-height-default elementor-section-height-default\" data-id=\"7d8dc572\" data-element_type=\"section\" data-settings=\"{&quot;_ha_eqh_enable&quot;:false}\">\n\t\t\t\t\t\t<div class=\"elementor-container elementor-column-gap-wider\">\n\t\t\t\t\t<div class=\"elementor-column elementor-col-50 elementor-inner-column elementor-element elementor-element-28f78e0c\" data-id=\"28f78e0c\" data-element_type=\"column\">\n\t\t\t<div class=\"elementor-widget-wrap elementor-element-populated\">\n\t\t\t\t\t\t\t\t<div class=\"elementor-element elementor-element-217a6271 elementor-widget elementor-widget-image\" data-id=\"217a6271\" data-element_type=\"widget\" data-widget_type=\"image.default\">\n\t\t\t\t<div class=\"elementor-widget-container\">\n\t\t\t<style>\/*! elementor - v3.15.0 - 20-08-2023 *\/\n.elementor-widget-image{text-align:center}.elementor-widget-image a{display:inline-block}.elementor-widget-image a img[src$=\".svg\"]{width:48px}.elementor-widget-image img{vertical-align:middle;display:inline-block}<\/style>\t\t\t\t\t\t\t\t\t\t\t\t<img loading=\"lazy\" decoding=\"async\" width=\"640\" height=\"480\" src=\"https:\/\/demo2.prestigo.net\/wp-content\/uploads\/2024\/11\/7.jpg\" class=\"attachment-large size-large wp-image-265\" alt=\"\" srcset=\"https:\/\/demo2.prestigo.net\/wp-content\/uploads\/2024\/11\/7.jpg 1000w, https:\/\/demo2.prestigo.net\/wp-content\/uploads\/2024\/11\/7-300x225.jpg 300w, https:\/\/demo2.prestigo.net\/wp-content\/uploads\/2024\/11\/7-768x576.jpg 768w\" sizes=\"(max-width: 640px) 100vw, 640px\" \/>\t\t\t\t\t\t\t\t\t\t\t\t\t\t\t<\/div>\n\t\t\t\t<\/div>\n\t\t\t\t\t<\/div>\n\t\t<\/div>\n\t\t\t\t<div class=\"elementor-column elementor-col-50 elementor-inner-column elementor-element elementor-element-495217d8\" data-id=\"495217d8\" data-element_type=\"column\">\n\t\t\t<div class=\"elementor-widget-wrap elementor-element-populated\">\n\t\t\t\t\t\t\t\t<div class=\"elementor-element elementor-element-aed2c05 elementor-widget elementor-widget-text-editor\" data-id=\"aed2c05\" data-element_type=\"widget\" data-widget_type=\"text-editor.default\">\n\t\t\t\t<div class=\"elementor-widget-container\">\n\t\t\t<style>\/*! elementor - v3.15.0 - 20-08-2023 *\/\n.elementor-widget-text-editor.elementor-drop-cap-view-stacked .elementor-drop-cap{background-color:#69727d;color:#fff}.elementor-widget-text-editor.elementor-drop-cap-view-framed .elementor-drop-cap{color:#69727d;border:3px solid;background-color:transparent}.elementor-widget-text-editor:not(.elementor-drop-cap-view-default) .elementor-drop-cap{margin-top:8px}.elementor-widget-text-editor:not(.elementor-drop-cap-view-default) .elementor-drop-cap-letter{width:1em;height:1em}.elementor-widget-text-editor .elementor-drop-cap{float:left;text-align:center;line-height:1;font-size:50px}.elementor-widget-text-editor .elementor-drop-cap-letter{display:inline-block}<\/style>\t\t\t\tWprowadzone przez nas technologie ko\u0144cowej obr\u00f3bki sprawiaj\u0105, \u017ce nasze wyroby s\u0105 kilkukrotnie bardziej odporne na korozj\u0119, charakteryzuj\u0105 si\u0119 doskona\u0142ym efektem wizualnym, \u0142\u0105cz\u0105cym efekt szlifu z delikatnym po\u0142yskiem. S\u0105 wreszcie \u0142atwe w utrzymaniu czysto\u015bci. Tak przygotowany produkt finalny daj\u0119 gwarancji d\u0142ugoletniej trwa\u0142o\u015bci i zachowania pierwotnego wygl\u0105du bez obaw, \u017ce po kilku latach nasze balustrady czy konstrukcje zaczn\u0105 zmieni\u0105 barw\u0119 czy pokryj\u0105 si\u0119 \u015bniedzi\u0105. Taki wyj\u0105tkowy efekt ko\u0144cowy uzyskujemy poddaj\u0105c ka\u017cdy nasz wyr\u00f3b \u201cobr\u00f3bce chemicznej\u201c, kt\u00f3ra polega na zanurzeniu gotowego produktu w wannie wype\u0142nionej specjaln\u0105 substancj\u0105 \u017cr\u0105c\u0105. \t\t\t\t\t\t<\/div>\n\t\t\t\t<\/div>\n\t\t\t\t\t<\/div>\n\t\t<\/div>\n\t\t\t\t\t\t\t<\/div>\n\t\t<\/section>\n\t\t\t\t\t<\/div>\n\t\t<\/div>\n\t\t\t\t\t\t\t<\/div>\n\t\t<\/section>\n\t\t\t\t<section class=\"elementor-section elementor-top-section elementor-element elementor-element-a47776a elementor-section-stretched elementor-section-boxed elementor-section-height-default elementor-section-height-default\" data-id=\"a47776a\" data-element_type=\"section\" data-settings=\"{&quot;stretch_section&quot;:&quot;section-stretched&quot;,&quot;_ha_eqh_enable&quot;:false}\">\n\t\t\t\t\t\t<div class=\"elementor-container elementor-column-gap-default\">\n\t\t\t\t\t<div class=\"elementor-column elementor-col-100 elementor-top-column elementor-element elementor-element-59f7e60\" data-id=\"59f7e60\" data-element_type=\"column\">\n\t\t\t<div class=\"elementor-widget-wrap elementor-element-populated\">\n\t\t\t\t\t\t\t\t<div class=\"elementor-element elementor-element-dc8d8a7 eael-dual-header-content-align-center elementor-widget elementor-widget-eael-dual-color-header\" data-id=\"dc8d8a7\" data-element_type=\"widget\" data-widget_type=\"eael-dual-color-header.default\">\n\t\t\t\t<div class=\"elementor-widget-container\">\n\t\t\t\t\t\t<div class=\"eael-dual-header\">\n\t\t\t\t<h2 class=\"title\"><span class=\"lead solid-color\">Polerowanie<\/span> <span>elektrochemiczne<\/span><\/h2>\t\t\t\t<span class=\"subtext\"><\/span>\n\t\t\t\t\t\t\t\t\t<span class=\"eael-dch-svg-icon\"><\/span>\t\t\t\t\t\t\t<\/div>\n\n\t\t\t\t<\/div>\n\t\t\t\t<\/div>\n\t\t\t\t<div class=\"elementor-element elementor-element-717d176e elementor-widget elementor-widget-text-editor\" data-id=\"717d176e\" data-element_type=\"widget\" data-widget_type=\"text-editor.default\">\n\t\t\t\t<div class=\"elementor-widget-container\">\n\t\t\t\t\t\t\tPrzy obr\u00f3bce ko\u0144cowej naszych wyrob\u00f3w stosujemy proces polerowania elektrochemicznego zast\u0119puj\u0105cego pracoch\u0142onne metody mechaniczne. Tak przygotowana powierzchnia zyskuje wysok\u0105 odporno\u015b\u0107 na korozj\u0119 i lepsze w\u0142a\u015bciwo\u015bci mechaniczne a przede wszystkim nabiera estetycznego wygl\u0105du. \u0141atwiej r\u00f3wnie\u017c utrzyma\u0107 j\u0105 w czysto\u015bci.\n<br><br>\nW trakcie wieloletniej dzia\u0142alno\u015bci udoskonalili\u015bmy istniej\u0105ce rozwi\u0105zania modyfikuj\u0105c dob\u00f3r sk\u0142adu chemicznego elektrolitu oraz parametr\u00f3w fizykochemicznych procesu elektropolerowania uzyskuj\u0105c jeszcze lepsze efekty ko\u0144cowe i parametry gotowego wyrobu. Dzi\u0119ki temu Pa\u0144stwa balustrady czy konstrukcje zachowaj\u0105 sw\u00f3j wygl\u0105d i w\u0142a\u015bciwo\u015bci przez d\u0142ugie lata! \t\t\t\t\t\t<\/div>\n\t\t\t\t<\/div>\n\t\t\t\t\t<\/div>\n\t\t<\/div>\n\t\t\t\t\t\t\t<\/div>\n\t\t<\/section>\n\t\t\t\t<section class=\"elementor-section elementor-top-section elementor-element elementor-element-103df88 elementor-section-stretched elementor-section-boxed elementor-section-height-default elementor-section-height-default\" data-id=\"103df88\" data-element_type=\"section\" data-settings=\"{&quot;stretch_section&quot;:&quot;section-stretched&quot;,&quot;_ha_eqh_enable&quot;:false}\">\n\t\t\t\t\t\t<div class=\"elementor-container elementor-column-gap-default\">\n\t\t\t\t\t<div class=\"elementor-column elementor-col-100 elementor-top-column elementor-element elementor-element-3a8e4fe4\" data-id=\"3a8e4fe4\" data-element_type=\"column\">\n\t\t\t<div class=\"elementor-widget-wrap elementor-element-populated\">\n\t\t\t\t\t\t\t\t<section class=\"elementor-section elementor-inner-section elementor-element elementor-element-6794a499 elementor-section-boxed elementor-section-height-default elementor-section-height-default\" data-id=\"6794a499\" data-element_type=\"section\" data-settings=\"{&quot;_ha_eqh_enable&quot;:false}\">\n\t\t\t\t\t\t<div class=\"elementor-container elementor-column-gap-wider\">\n\t\t\t\t\t<div class=\"elementor-column elementor-col-50 elementor-inner-column elementor-element elementor-element-4b2d2f28\" data-id=\"4b2d2f28\" data-element_type=\"column\">\n\t\t\t<div class=\"elementor-widget-wrap elementor-element-populated\">\n\t\t\t\t\t\t\t\t<div class=\"elementor-element elementor-element-28c3fd6 elementor-widget elementor-widget-text-editor\" data-id=\"28c3fd6\" data-element_type=\"widget\" data-widget_type=\"text-editor.default\">\n\t\t\t\t<div class=\"elementor-widget-container\">\n\t\t\t\t\t\t\tMo\u017cemy zaoferowa\u0107 bogaty wyb\u00f3r wzornictwa oparty o baz\u0119 dotychczasowych realizacji. Ponadto wykonujemy zlecenia wed\u0142ug indywidualnego zam\u00f3wienia. Dzi\u0119ki temu dobierzemy optymalne rozwi\u0105zanie dla ka\u017cdego klienta, w zale\u017cno\u015bci od Pa\u0144stwa oczekiwa\u0144 stylistycznych oraz finansowych. Nasze balustrady, ogrodzenia czy pozosta\u0142e realizacje zawsze \u015bci\u015ble wsp\u00f3\u0142graj\u0105 ze stylem otoczenia, tworz\u0105c sp\u00f3jn\u0105 ca\u0142o\u015b\u0107. Klienci firmy Krysstal to zar\u00f3wno osoby prywatne, przedsi\u0119biorstwa jak i jednostki publiczne.\n<br><br>\nPosiadamy kilkunastoletnie do\u015bwiadczenie poparte wcze\u015bniejszymi praktykami w Niemczech. Do\u015bwiadczenie zdobyte za granic\u0105 przenie\u015bli\u015bmy na rodzimy rynek. Dzi\u015b dzia\u0142amy zar\u00f3wno na terenie Polski (najcz\u0119\u015bciej wojew\u00f3dztwo \u015al\u0105skie oraz wojew\u00f3dztwa o\u015bcienne) jak r\u00f3wnie\u017c w Niemczech, Austrii, Szwajcarii czy Rosji. Wsp\u00f3\u0142pracujemy z architektami na terenie ca\u0142ej Europy. \t\t\t\t\t\t<\/div>\n\t\t\t\t<\/div>\n\t\t\t\t\t<\/div>\n\t\t<\/div>\n\t\t\t\t<div class=\"elementor-column elementor-col-50 elementor-inner-column elementor-element elementor-element-7ff8cbd9\" data-id=\"7ff8cbd9\" data-element_type=\"column\">\n\t\t\t<div class=\"elementor-widget-wrap elementor-element-populated\">\n\t\t\t\t\t\t\t\t<div class=\"elementor-element elementor-element-6df5bec elementor-widget elementor-widget-image\" data-id=\"6df5bec\" data-element_type=\"widget\" data-widget_type=\"image.default\">\n\t\t\t\t<div class=\"elementor-widget-container\">\n\t\t\t\t\t\t\t\t\t\t\t\t\t\t\t<img loading=\"lazy\" decoding=\"async\" width=\"600\" height=\"450\" src=\"https:\/\/demo2.prestigo.net\/wp-content\/uploads\/2024\/11\/xf08.jpg.pagespeed.ic_.KnoYzeBrVR.jpg\" class=\"attachment-large size-large wp-image-235\" alt=\"\" srcset=\"https:\/\/demo2.prestigo.net\/wp-content\/uploads\/2024\/11\/xf08.jpg.pagespeed.ic_.KnoYzeBrVR.jpg 600w, https:\/\/demo2.prestigo.net\/wp-content\/uploads\/2024\/11\/xf08.jpg.pagespeed.ic_.KnoYzeBrVR-300x225.jpg 300w\" sizes=\"(max-width: 600px) 100vw, 600px\" \/>\t\t\t\t\t\t\t\t\t\t\t\t\t\t\t<\/div>\n\t\t\t\t<\/div>\n\t\t\t\t\t<\/div>\n\t\t<\/div>\n\t\t\t\t\t\t\t<\/div>\n\t\t<\/section>\n\t\t\t\t\t<\/div>\n\t\t<\/div>\n\t\t\t\t\t\t\t<\/div>\n\t\t<\/section>\n\t\t\t\t<section class=\"elementor-section elementor-top-section elementor-element elementor-element-2defd765 elementor-section-stretched elementor-section-boxed elementor-section-height-default elementor-section-height-default\" data-id=\"2defd765\" data-element_type=\"section\" data-settings=\"{&quot;stretch_section&quot;:&quot;section-stretched&quot;,&quot;background_background&quot;:&quot;classic&quot;,&quot;_ha_eqh_enable&quot;:false}\">\n\t\t\t\t\t\t<div class=\"elementor-container elementor-column-gap-default\">\n\t\t\t\t\t<div class=\"elementor-column elementor-col-100 elementor-top-column elementor-element elementor-element-5f38825c\" data-id=\"5f38825c\" data-element_type=\"column\">\n\t\t\t<div class=\"elementor-widget-wrap elementor-element-populated\">\n\t\t\t\t\t\t\t\t<div class=\"elementor-element elementor-element-41bc908 elementor-widget elementor-widget-text-editor\" data-id=\"41bc908\" data-element_type=\"widget\" data-widget_type=\"text-editor.default\">\n\t\t\t\t<div class=\"elementor-widget-container\">\n\t\t\t\t\t\t\tJeste\u015bmy pasjonatami w swej dziedzinie a nasze produkty posiadaj\u0105 unikatowy styl, dopracowane detale oraz najwy\u017csz\u0105 jako\u015b\u0107. Nasze kompleksowe us\u0142ugi rozpoczynamy od precyzyjnego pomiaru, komputerowego projektu poprzez produkcj\u0119 a\u017c po monta\u017c. Kieruj\u0105c si\u0119 mottem, \u017ce \u201ejako\u015b\u0107 zaczyna si\u0119 na samym pocz\u0105tku\u201d i nie wynika z poprawiania b\u0142\u0119d\u00f3w. Jeste\u015bmy solidni i konkurencyjni!\t\t\t\t\t\t<\/div>\n\t\t\t\t<\/div>\n\t\t\t\t\t<\/div>\n\t\t<\/div>\n\t\t\t\t\t\t\t<\/div>\n\t\t<\/section>\n\t\t\t\t<section class=\"elementor-section elementor-top-section elementor-element elementor-element-3aae123 elementor-section-stretched elementor-section-boxed elementor-section-height-default elementor-section-height-default\" data-id=\"3aae123\" data-element_type=\"section\" data-settings=\"{&quot;stretch_section&quot;:&quot;section-stretched&quot;,&quot;_ha_eqh_enable&quot;:false}\">\n\t\t\t\t\t\t<div class=\"elementor-container elementor-column-gap-default\">\n\t\t\t\t\t<div class=\"elementor-column elementor-col-100 elementor-top-column elementor-element elementor-element-766a771\" data-id=\"766a771\" data-element_type=\"column\">\n\t\t\t<div class=\"elementor-widget-wrap elementor-element-populated\">\n\t\t\t\t\t\t\t\t<section class=\"elementor-section elementor-inner-section elementor-element elementor-element-44b31cf elementor-section-boxed elementor-section-height-default elementor-section-height-default\" data-id=\"44b31cf\" data-element_type=\"section\" data-settings=\"{&quot;_ha_eqh_enable&quot;:false}\">\n\t\t\t\t\t\t<div class=\"elementor-container elementor-column-gap-wider\">\n\t\t\t\t\t<div class=\"elementor-column elementor-col-50 elementor-inner-column elementor-element elementor-element-482ef47\" data-id=\"482ef47\" data-element_type=\"column\">\n\t\t\t<div class=\"elementor-widget-wrap elementor-element-populated\">\n\t\t\t\t\t\t\t\t<div class=\"elementor-element elementor-element-8a3450b elementor-widget elementor-widget-image\" data-id=\"8a3450b\" data-element_type=\"widget\" data-widget_type=\"image.default\">\n\t\t\t\t<div class=\"elementor-widget-container\">\n\t\t\t\t\t\t\t\t\t\t\t\t\t\t\t<img loading=\"lazy\" decoding=\"async\" width=\"600\" height=\"809\" src=\"https:\/\/demo2.prestigo.net\/wp-content\/uploads\/2024\/11\/xIMG_20200716_123707_2.jpg.pagespeed.ic_.ZoVMafqWuP.jpg\" class=\"attachment-large size-large wp-image-150\" alt=\"\" srcset=\"https:\/\/demo2.prestigo.net\/wp-content\/uploads\/2024\/11\/xIMG_20200716_123707_2.jpg.pagespeed.ic_.ZoVMafqWuP.jpg 600w, https:\/\/demo2.prestigo.net\/wp-content\/uploads\/2024\/11\/xIMG_20200716_123707_2.jpg.pagespeed.ic_.ZoVMafqWuP-222x300.jpg 222w\" sizes=\"(max-width: 600px) 100vw, 600px\" \/>\t\t\t\t\t\t\t\t\t\t\t\t\t\t\t<\/div>\n\t\t\t\t<\/div>\n\t\t\t\t\t<\/div>\n\t\t<\/div>\n\t\t\t\t<div class=\"elementor-column elementor-col-50 elementor-inner-column elementor-element elementor-element-01baa91\" data-id=\"01baa91\" data-element_type=\"column\">\n\t\t\t<div class=\"elementor-widget-wrap elementor-element-populated\">\n\t\t\t\t\t\t\t\t<div class=\"elementor-element elementor-element-4fc04f4 eael-dual-header-content-align-center elementor-widget elementor-widget-eael-dual-color-header\" data-id=\"4fc04f4\" data-element_type=\"widget\" data-widget_type=\"eael-dual-color-header.default\">\n\t\t\t\t<div class=\"elementor-widget-container\">\n\t\t\t\t\t\t<div class=\"eael-dual-header\">\n\t\t\t\t<h2 class=\"title\"><span class=\"lead solid-color\">Stal<\/span> <span>nierdzewna<\/span><\/h2>\t\t\t\t<span class=\"subtext\"><\/span>\n\t\t\t\t\t\t\t\t\t<span class=\"eael-dch-svg-icon\"><\/span>\t\t\t\t\t\t\t<\/div>\n\n\t\t\t\t<\/div>\n\t\t\t\t<\/div>\n\t\t\t\t<div class=\"elementor-element elementor-element-195fa0c elementor-widget elementor-widget-text-editor\" data-id=\"195fa0c\" data-element_type=\"widget\" data-widget_type=\"text-editor.default\">\n\t\t\t\t<div class=\"elementor-widget-container\">\n\t\t\t\t\t\t\tStal nierdzewna jest najlepszym rozwi\u0105zaniem na walk\u0119 z korozj\u0105. Jest to materia\u0142 wyj\u0105tkowo trwa\u0142y i praktyczny, a zarazem elegancki i szlachetny. Nie wymaga \u017cadnej konserwacji. Kluczem do niezwyk\u0142ej odporno\u015bci jest chrom, kt\u00f3ry w wyniku reakcji z atmosfer\u0105 tworzy na powierzchni cienk\u0105 warstw\u0119 tlenu w spos\u00f3b naturalny. Jest to normalny stan powierzchni stali nierdzewnej. Warstwa ta ulega regeneracji przy pojawieniu si\u0119 mechanicznych uszkodze\u0144 np. zarysowa\u0144, co oznacza samo naprawiaj\u0105cy si\u0119 w\u0142asny system zabezpiecze\u0144 przed korozj\u0105.\n<br><br> W technologii produkcji naszych projekt\u00f3w wykorzystujemy spawanie metod\u0105 TIG, kt\u00f3ra jest nowoczesnym sposobem po\u0142\u0105cze\u0144 element\u00f3w metalowych. Uzyskujemy tu najwy\u017csz\u0105 jako\u015b\u0107 i estetyk\u0119 spoin. Korzystamy r\u00f3wnie\u017c z wycinarek laserowych, dzi\u0119ki kt\u00f3rym otrzymujemy wysok\u0105 precyzj\u0119 i estetyk\u0119 element\u00f3w naszych balustrad.\t\t\t\t\t\t<\/div>\n\t\t\t\t<\/div>\n\t\t\t\t\t<\/div>\n\t\t<\/div>\n\t\t\t\t\t\t\t<\/div>\n\t\t<\/section>\n\t\t\t\t\t<\/div>\n\t\t<\/div>\n\t\t\t\t\t\t\t<\/div>\n\t\t<\/section>\n\t\t\t\t<section class=\"elementor-section elementor-top-section elementor-element elementor-element-111653e9 elementor-section-stretched elementor-section-boxed elementor-section-height-default elementor-section-height-default\" data-id=\"111653e9\" data-element_type=\"section\" data-settings=\"{&quot;stretch_section&quot;:&quot;section-stretched&quot;,&quot;background_background&quot;:&quot;classic&quot;,&quot;_ha_eqh_enable&quot;:false}\">\n\t\t\t\t\t\t<div class=\"elementor-container elementor-column-gap-default\">\n\t\t\t\t\t<div class=\"elementor-column elementor-col-100 elementor-top-column elementor-element elementor-element-4c341eb1\" data-id=\"4c341eb1\" data-element_type=\"column\">\n\t\t\t<div class=\"elementor-widget-wrap elementor-element-populated\">\n\t\t\t\t\t\t\t\t<section class=\"elementor-section elementor-inner-section elementor-element elementor-element-46a59782 elementor-section-boxed elementor-section-height-default elementor-section-height-default\" data-id=\"46a59782\" data-element_type=\"section\" data-settings=\"{&quot;_ha_eqh_enable&quot;:false}\">\n\t\t\t\t\t\t<div class=\"elementor-container elementor-column-gap-wider\">\n\t\t\t\t\t<div class=\"elementor-column elementor-col-50 elementor-inner-column elementor-element elementor-element-2e6f0077\" data-id=\"2e6f0077\" data-element_type=\"column\">\n\t\t\t<div class=\"elementor-widget-wrap elementor-element-populated\">\n\t\t\t\t\t\t\t\t<div class=\"elementor-element elementor-element-3f3035d6 elementor-view-framed elementor-shape-circle elementor-widget elementor-widget-icon\" data-id=\"3f3035d6\" data-element_type=\"widget\" data-widget_type=\"icon.default\">\n\t\t\t\t<div class=\"elementor-widget-container\">\n\t\t\t\t\t<div class=\"elementor-icon-wrapper\">\n\t\t\t<div class=\"elementor-icon elementor-animation-grow\">\n\t\t\t<i aria-hidden=\"true\" class=\"fas fa-phone-alt\"><\/i>\t\t\t<\/div>\n\t\t<\/div>\n\t\t\t\t<\/div>\n\t\t\t\t<\/div>\n\t\t\t\t\t<\/div>\n\t\t<\/div>\n\t\t\t\t<div class=\"elementor-column elementor-col-50 elementor-inner-column elementor-element elementor-element-724e09fe\" data-id=\"724e09fe\" data-element_type=\"column\">\n\t\t\t<div class=\"elementor-widget-wrap elementor-element-populated\">\n\t\t\t\t\t\t\t\t<div class=\"elementor-element elementor-element-3cfebef7 elementor-widget elementor-widget-text-editor\" data-id=\"3cfebef7\" data-element_type=\"widget\" data-widget_type=\"text-editor.default\">\n\t\t\t\t<div class=\"elementor-widget-container\">\n\t\t\t\t\t\t\t<div style=\"line-height:170%;\">Jeste\u015b zainteresowany rozwi\u0105zaniami Krysstal? Skontaktuj si\u0119 z nami i dowiedz si\u0119 wi\u0119cej:<\/div>\t\t\t\t\t\t<\/div>\n\t\t\t\t<\/div>\n\t\t\t\t<div class=\"elementor-element elementor-element-257471a9 elementor-widget elementor-widget-text-editor\" data-id=\"257471a9\" data-element_type=\"widget\" data-widget_type=\"text-editor.default\">\n\t\t\t\t<div class=\"elementor-widget-container\">\n\t\t\t\t\t\t\t<a href=\"tel:+48787535135\">787 535 135<\/a>\t\t\t\t\t\t<\/div>\n\t\t\t\t<\/div>\n\t\t\t\t\t<\/div>\n\t\t<\/div>\n\t\t\t\t\t\t\t<\/div>\n\t\t<\/section>\n\t\t\t\t\t<\/div>\n\t\t<\/div>\n\t\t\t\t\t\t\t<\/div>\n\t\t<\/section>\n\t\t\t\t\t\t\t<\/div>\n\t\t","protected":false},"excerpt":{"rendered":"<p>Wprowadzone przez nas technologie ko\u0144cowej obr\u00f3bki sprawiaj\u0105, \u017ce nasze wyroby s\u0105 kilkukrotnie bardziej odporne na korozj\u0119, charakteryzuj\u0105 si\u0119 doskona\u0142ym efektem wizualnym, [&hellip;]<\/p>\n","protected":false},"author":1,"featured_media":0,"parent":0,"menu_order":2,"comment_status":"closed","ping_status":"closed","template":"template-fullwide.php","meta":{"footnotes":""},"class_list":["post-12","page","type-page","status-publish","hentry"],"_links":{"self":[{"href":"https:\/\/demo2.prestigo.net\/index.php\/wp-json\/wp\/v2\/pages\/12"}],"collection":[{"href":"https:\/\/demo2.prestigo.net\/index.php\/wp-json\/wp\/v2\/pages"}],"about":[{"href":"https:\/\/demo2.prestigo.net\/index.php\/wp-json\/wp\/v2\/types\/page"}],"author":[{"embeddable":true,"href":"https:\/\/demo2.prestigo.net\/index.php\/wp-json\/wp\/v2\/users\/1"}],"replies":[{"embeddable":true,"href":"https:\/\/demo2.prestigo.net\/index.php\/wp-json\/wp\/v2\/comments?post=12"}],"version-history":[{"count":12,"href":"https:\/\/demo2.prestigo.net\/index.php\/wp-json\/wp\/v2\/pages\/12\/revisions"}],"predecessor-version":[{"id":269,"href":"https:\/\/demo2.prestigo.net\/index.php\/wp-json\/wp\/v2\/pages\/12\/revisions\/269"}],"wp:attachment":[{"href":"https:\/\/demo2.prestigo.net\/index.php\/wp-json\/wp\/v2\/media?parent=12"}],"curies":[{"name":"wp","href":"https:\/\/api.w.org\/{rel}","templated":true}]}}